{"id":914,"date":"2020-01-17T14:08:32","date_gmt":"2020-01-17T13:08:32","guid":{"rendered":"http:\/\/knfsh.al\/?page_id=914"},"modified":"2025-05-31T23:27:17","modified_gmt":"2025-05-31T22:27:17","slug":"ish-kryetar-2022","status":"publish","type":"page","link":"https:\/\/knfsh.al\/en\/ish-kryetar-2022\/","title":{"rendered":"Chairman 2022"},"content":{"rendered":"<p style=\"text-align: justify;\"><strong><img loading=\"lazy\" decoding=\"async\" class=\"alignleft size-medium wp-image-1645\" src=\"https:\/\/knfsh.al\/wp-content\/uploads\/2022\/01\/WhatsApp-Image-2022-01-29-at-8.50.56-AM-298x300.jpeg\" alt=\"\" width=\"298\" height=\"300\" srcset=\"https:\/\/knfsh.al\/wp-content\/uploads\/2022\/01\/WhatsApp-Image-2022-01-29-at-8.50.56-AM-298x300.jpeg 298w, https:\/\/knfsh.al\/wp-content\/uploads\/2022\/01\/WhatsApp-Image-2022-01-29-at-8.50.56-AM-150x150.jpeg 150w, https:\/\/knfsh.al\/wp-content\/uploads\/2022\/01\/WhatsApp-Image-2022-01-29-at-8.50.56-AM-768x774.jpeg 768w, https:\/\/knfsh.al\/wp-content\/uploads\/2022\/01\/WhatsApp-Image-2022-01-29-at-8.50.56-AM-12x12.jpeg 12w, https:\/\/knfsh.al\/wp-content\/uploads\/2022\/01\/WhatsApp-Image-2022-01-29-at-8.50.56-AM-65x65.jpeg 65w, https:\/\/knfsh.al\/wp-content\/uploads\/2022\/01\/WhatsApp-Image-2022-01-29-at-8.50.56-AM.jpeg 1016w\" sizes=\"auto, (max-width: 298px) 100vw, 298px\" \/>Pastor Ylli Do\u00e7i<br \/>\n<\/strong><\/p>\n<p style=\"text-align: justify;\">Dr. Ylli H. Do\u00e7i, after completing his studies in sculpture at the Academy of Arts in Tirana, pursued further education at Denver Seminary in the United States, graduating in 2003 with a Master\u2019s degree in the Philosophy of Religion (Cum Laude).<br \/>\nHis PhD in Social Anthropology focused on interfaith relations in Albania, building on more than two decades of personal experience in this field.<br \/>\nIn addition to his writings and speeches on various aspects of social life, Mr. Ylli Do\u00e7i has served in different leadership roles both in Albania and abroad. He is the Albanian director for the International Leadership Foundation and, since 2016, has been elected President of the Evangelical Brotherhood of Albania, which represents an interdenominational evangelical community. He is the founder and lead pastor of the \u201cCornerstone Church\u201d (Guri i Themelit) in Tirana, where he lives with his wife Nikki. They have two children who are university students.<\/p>","protected":false},"excerpt":{"rendered":"<p>Pastor Ylli Do\u00e7i Dr. Ylli H. Do\u00e7i pasi mbaroi studimet p\u00ebr skulptur\u00eb n\u00eb Akademin\u00eb e Arteve n\u00eb Tiran\u00eb, ndoqi studime t\u00eb m\u00ebtejshme n\u00eb seminarin e Denverit, SHBA, duke u diplomuar&#8230;<\/p>","protected":false},"author":1,"featured_media":1645,"parent":0,"menu_order":0,"comment_status":"closed","ping_status":"closed","template":"","meta":{"footnotes":""},"class_list":["post-914","page","type-page","status-publish","has-post-thumbnail","hentry"],"rttpg_featured_image_url":{"full":["https:\/\/knfsh.al\/wp-content\/uploads\/2022\/01\/WhatsApp-Image-2022-01-29-at-8.50.56-AM.jpeg",1016,1024,false],"landscape":["https:\/\/knfsh.al\/wp-content\/uploads\/2022\/01\/WhatsApp-Image-2022-01-29-at-8.50.56-AM.jpeg",1016,1024,false],"portraits":["https:\/\/knfsh.al\/wp-content\/uploads\/2022\/01\/WhatsApp-Image-2022-01-29-at-8.50.56-AM.jpeg",1016,1024,false],"thumbnail":["https:\/\/knfsh.al\/wp-content\/uploads\/2022\/01\/WhatsApp-Image-2022-01-29-at-8.50.56-AM-150x150.jpeg",150,150,true],"medium":["https:\/\/knfsh.al\/wp-content\/uploads\/2022\/01\/WhatsApp-Image-2022-01-29-at-8.50.56-AM-298x300.jpeg",298,300,true],"large":["https:\/\/knfsh.al\/wp-content\/uploads\/2022\/01\/WhatsApp-Image-2022-01-29-at-8.50.56-AM.jpeg",900,907,false],"1536x1536":["https:\/\/knfsh.al\/wp-content\/uploads\/2022\/01\/WhatsApp-Image-2022-01-29-at-8.50.56-AM.jpeg",1016,1024,false],"2048x2048":["https:\/\/knfsh.al\/wp-content\/uploads\/2022\/01\/WhatsApp-Image-2022-01-29-at-8.50.56-AM.jpeg",1016,1024,false],"trp-custom-language-flag":["https:\/\/knfsh.al\/wp-content\/uploads\/2022\/01\/WhatsApp-Image-2022-01-29-at-8.50.56-AM-12x12.jpeg",12,12,true],"post-thumbnail":["https:\/\/knfsh.al\/wp-content\/uploads\/2022\/01\/WhatsApp-Image-2022-01-29-at-8.50.56-AM-360x220.jpeg",360,220,true],"blog-single":["https:\/\/knfsh.al\/wp-content\/uploads\/2022\/01\/WhatsApp-Image-2022-01-29-at-8.50.56-AM-750x390.jpeg",750,390,true],"events-thumb":["https:\/\/knfsh.al\/wp-content\/uploads\/2022\/01\/WhatsApp-Image-2022-01-29-at-8.50.56-AM-170x150.jpeg",170,150,true],"events-single":["https:\/\/knfsh.al\/wp-content\/uploads\/2022\/01\/WhatsApp-Image-2022-01-29-at-8.50.56-AM-225x240.jpeg",225,240,true],"courses-single":["https:\/\/knfsh.al\/wp-content\/uploads\/2022\/01\/WhatsApp-Image-2022-01-29-at-8.50.56-AM-770x220.jpeg",770,220,true],"slider-image":["https:\/\/knfsh.al\/wp-content\/uploads\/2022\/01\/WhatsApp-Image-2022-01-29-at-8.50.56-AM-770x400.jpeg",770,400,true],"gallery-thumb":["https:\/\/knfsh.al\/wp-content\/uploads\/2022\/01\/WhatsApp-Image-2022-01-29-at-8.50.56-AM-260x180.jpeg",260,180,true],"widget-blog-thumb":["https:\/\/knfsh.al\/wp-content\/uploads\/2022\/01\/WhatsApp-Image-2022-01-29-at-8.50.56-AM-65x65.jpeg",65,65,true]},"rttpg_author":{"display_name":"knfsh","author_link":"https:\/\/knfsh.al\/en\/author\/elite\/"},"rttpg_comment":0,"rttpg_category":null,"rttpg_excerpt":"Pastor Ylli Do\u00e7i Dr. Ylli H. Do\u00e7i pasi mbaroi studimet p\u00ebr skulptur\u00eb n\u00eb Akademin\u00eb e Arteve n\u00eb Tiran\u00eb, ndoqi studime t\u00eb m\u00ebtejshme n\u00eb seminarin e Denverit, SHBA, duke u diplomuar...","_links":{"self":[{"href":"https:\/\/knfsh.al\/en\/wp-json\/wp\/v2\/pages\/914","targetHints":{"allow":["GET"]}}],"collection":[{"href":"https:\/\/knfsh.al\/en\/wp-json\/wp\/v2\/pages"}],"about":[{"href":"https:\/\/knfsh.al\/en\/wp-json\/wp\/v2\/types\/page"}],"author":[{"embeddable":true,"href":"https:\/\/knfsh.al\/en\/wp-json\/wp\/v2\/users\/1"}],"replies":[{"embeddable":true,"href":"https:\/\/knfsh.al\/en\/wp-json\/wp\/v2\/comments?post=914"}],"version-history":[{"count":14,"href":"https:\/\/knfsh.al\/en\/wp-json\/wp\/v2\/pages\/914\/revisions"}],"predecessor-version":[{"id":2788,"href":"https:\/\/knfsh.al\/en\/wp-json\/wp\/v2\/pages\/914\/revisions\/2788"}],"wp:featuredmedia":[{"embeddable":true,"href":"https:\/\/knfsh.al\/en\/wp-json\/wp\/v2\/media\/1645"}],"wp:attachment":[{"href":"https:\/\/knfsh.al\/en\/wp-json\/wp\/v2\/media?parent=914"}],"curies":[{"name":"wp","href":"https:\/\/api.w.org\/{rel}","templated":true}]}}