{"id":2990,"date":"2026-03-10T14:43:45","date_gmt":"2026-03-10T13:43:45","guid":{"rendered":"https:\/\/knfsh.al\/?page_id=2990"},"modified":"2026-03-10T14:45:44","modified_gmt":"2026-03-10T13:45:44","slug":"peace-harmony","status":"publish","type":"page","link":"https:\/\/knfsh.al\/en\/peace-harmony\/","title":{"rendered":"Peace &#038; Harmony"},"content":{"rendered":"<p><img decoding=\"async\" style=\"width: 100%; height: auto; margin-bottom: 30px; border-radius: 8px;\" src=\"https:\/\/knfsh.al\/wp-content\/uploads\/2026\/03\/Peace.webp\" alt=\"Peace\" \/><\/p>\n<p>Kjo fushat\u00eb nd\u00ebrgjegj\u00ebsimi u zhvillua me mb\u00ebshtetjen financiare t\u00eb Bashkimit Evropian n\u00eb kuad\u00ebr t\u00eb Programit Bot\u00ebror p\u00ebr Forcimin e Rezistenc\u00ebs ndaj Ekstremizmit t\u00eb Dhunsh\u00ebm (STRIVE), t\u00eb zbatuar nga Hedayah n\u00eb partneritet t\u00eb ngusht\u00eb me Qendr\u00ebn e Koordinimit kund\u00ebr Ekstremizmit t\u00eb Dhunsh\u00ebm n\u00eb Shqip\u00ebri dhe K\u00ebshillin Nd\u00ebrfetar t\u00eb Shqip\u00ebris\u00eb (KNFSH). Vet\u00ebm autor\u00ebt mbajn\u00eb p\u00ebrgjegj\u00ebsi p\u00ebr p\u00ebrmbajtjen e saj, e cila nuk pasqyron domosdoshm\u00ebrisht pik\u00ebpamjet e Bashkimit Evropian.<\/p>\n<h2>Video \u2013 Kund\u00ebr Bullizmit<\/h2>\n<p><iframe loading=\"lazy\" title=\"YouTube video player\" src=\"https:\/\/www.youtube.com\/embed\/D4ZIVmoBGH0\" width=\"560\" height=\"315\" frameborder=\"0\" allowfullscreen=\"allowfullscreen\"><\/iframe><\/p>\n<p>Kjo video trajton fenomenin e bullizmit dhe ndikimin e tij te f\u00ebmij\u00ebt dhe komuniteti. Ajo thekson r\u00ebnd\u00ebsin\u00eb e empatis\u00eb, solidaritetit dhe rolit q\u00eb mund t\u00eb luajn\u00eb shkollat, prind\u00ebrit dhe komunitetet fetare n\u00eb parandalimin e bullizmit dhe izolimit social. Mesazhi kryesor \u00ebsht\u00eb t\u00eb flasim, t\u00eb reagojm\u00eb dhe t\u00eb nd\u00ebrtojm\u00eb nj\u00eb mjedis m\u00eb t\u00eb sigurt p\u00ebr \u00e7do f\u00ebmij\u00eb.<\/p>\n<h2>Dom Kreshnik Ivani<\/h2>\n<p><iframe loading=\"lazy\" title=\"YouTube video player\" src=\"https:\/\/www.youtube.com\/embed\/MejaqfaTB5c\" width=\"560\" height=\"315\" frameborder=\"0\" allowfullscreen=\"allowfullscreen\"><\/iframe><\/p>\n<p>N\u00eb k\u00ebt\u00eb video tregohet nj\u00eb dit\u00eb nga puna e Dom Kreshnik Ivanit, nj\u00eb prift katolik q\u00eb prej vitesh viziton t\u00eb burgosurit duke u ofruar ndihm\u00eb dhe mb\u00ebshtetje shpirt\u00ebrore. P\u00ebrmes kontributeve vullnetare dhe solidaritetit t\u00eb komunitetit, ai sjell shpres\u00eb p\u00ebr njer\u00ebzit q\u00eb shpesh jan\u00eb t\u00eb harruar nga shoq\u00ebria. Nj\u00eb histori q\u00eb tregon fuqin\u00eb e humanizmit dhe dhembshuris\u00eb.<\/p>\n<h2>Imam Shp\u00ebtim Seranaj<\/h2>\n<p><iframe loading=\"lazy\" title=\"YouTube video player\" src=\"https:\/\/www.youtube.com\/embed\/OjN_qa-0tWw\" width=\"560\" height=\"315\" frameborder=\"0\" allowfullscreen=\"allowfullscreen\"><\/iframe><\/p>\n<p>Kjo video ndjek pun\u00ebn e imam Shp\u00ebtim Seranajt n\u00eb mb\u00ebshtetje t\u00eb familjeve n\u00eb nevoj\u00eb n\u00eb zon\u00ebn e Kombinatit. P\u00ebrmes ndihmave dhe solidaritetit t\u00eb komunitetit, ai promovon bashk\u00ebjetes\u00ebn fetare dhe ndihm\u00ebn ndaj kujtdo q\u00eb ka nevoj\u00eb, pa dallim apo p\u00ebrkat\u00ebsi besimi. Nj\u00eb shembull q\u00eb forcon harmonin\u00eb sociale dhe solidaritetin n\u00eb shoq\u00ebrin\u00eb shqiptare.<\/p>\n<h2>Podcast<\/h2>\n<p><iframe loading=\"lazy\" title=\"YouTube video player\" src=\"https:\/\/www.youtube.com\/embed\/ss4TvRZSFf4\" width=\"560\" height=\"315\" frameborder=\"0\" allowfullscreen=\"allowfullscreen\"><\/iframe><\/p>\n<p>Nj\u00eb diskutim mbi vlerat e paqes dhe harmonin\u00eb fetare si trash\u00ebgimi komb\u00ebtare ku p\u00ebrfaq\u00ebsuesit e komuniteteve fetare, Mot\u00ebr Ermira Koleci, Imam Dr. Hysni Sgura, Dervish Hysen Sulejmani dhe teologu Thoma \u00c7om\u00ebni, ulen s\u00eb bashku p\u00ebr t\u00eb diskutuar sfidat e koh\u00ebs son\u00eb dhe adresuar mesazhe solidariteti p\u00ebr t\u00eb ardhmen.<\/p>","protected":false},"excerpt":{"rendered":"<p>Kjo fushat\u00eb nd\u00ebrgjegj\u00ebsimi u zhvillua me mb\u00ebshtetjen financiare t\u00eb Bashkimit Evropian n\u00eb kuad\u00ebr t\u00eb Programit Bot\u00ebror p\u00ebr Forcimin e Rezistenc\u00ebs ndaj Ekstremizmit t\u00eb Dhunsh\u00ebm (STRIVE), t\u00eb zbatuar nga Hedayah n\u00eb&#8230;<\/p>","protected":false},"author":2,"featured_media":0,"parent":0,"menu_order":0,"comment_status":"closed","ping_status":"closed","template":"","meta":{"footnotes":""},"class_list":["post-2990","page","type-page","status-publish","hentry"],"rttpg_featured_image_url":null,"rttpg_author":{"display_name":"genti","author_link":"https:\/\/knfsh.al\/en\/author\/genti\/"},"rttpg_comment":0,"rttpg_category":null,"rttpg_excerpt":"Kjo fushat\u00eb nd\u00ebrgjegj\u00ebsimi u zhvillua me mb\u00ebshtetjen financiare t\u00eb Bashkimit Evropian n\u00eb kuad\u00ebr t\u00eb Programit Bot\u00ebror p\u00ebr Forcimin e Rezistenc\u00ebs ndaj Ekstremizmit t\u00eb Dhunsh\u00ebm (STRIVE), t\u00eb zbatuar nga Hedayah n\u00eb...","_links":{"self":[{"href":"https:\/\/knfsh.al\/en\/wp-json\/wp\/v2\/pages\/2990","targetHints":{"allow":["GET"]}}],"collection":[{"href":"https:\/\/knfsh.al\/en\/wp-json\/wp\/v2\/pages"}],"about":[{"href":"https:\/\/knfsh.al\/en\/wp-json\/wp\/v2\/types\/page"}],"author":[{"embeddable":true,"href":"https:\/\/knfsh.al\/en\/wp-json\/wp\/v2\/users\/2"}],"replies":[{"embeddable":true,"href":"https:\/\/knfsh.al\/en\/wp-json\/wp\/v2\/comments?post=2990"}],"version-history":[{"count":3,"href":"https:\/\/knfsh.al\/en\/wp-json\/wp\/v2\/pages\/2990\/revisions"}],"predecessor-version":[{"id":2995,"href":"https:\/\/knfsh.al\/en\/wp-json\/wp\/v2\/pages\/2990\/revisions\/2995"}],"wp:attachment":[{"href":"https:\/\/knfsh.al\/en\/wp-json\/wp\/v2\/media?parent=2990"}],"curies":[{"name":"wp","href":"https:\/\/api.w.org\/{rel}","templated":true}]}}