{"id":219,"date":"2019-02-18T23:25:31","date_gmt":"2019-02-18T23:25:31","guid":{"rendered":"http:\/\/knfsh.al\/?page_id=219"},"modified":"2025-06-03T10:37:32","modified_gmt":"2025-06-03T09:37:32","slug":"keshilli-ekzekutiv","status":"publish","type":"page","link":"https:\/\/knfsh.al\/en\/keshilli-ekzekutiv\/","title":{"rendered":"Executive Council"},"content":{"rendered":"<p><img loading=\"lazy\" decoding=\"async\" class=\"aligncenter size-full wp-image-2692\" src=\"https:\/\/knfsh.al\/wp-content\/uploads\/2025\/04\/29.04.2025-1.jpeg\" alt=\"\" width=\"1210\" height=\"908\" srcset=\"https:\/\/knfsh.al\/wp-content\/uploads\/2025\/04\/29.04.2025-1.jpeg 1210w, https:\/\/knfsh.al\/wp-content\/uploads\/2025\/04\/29.04.2025-1-300x225.jpeg 300w, https:\/\/knfsh.al\/wp-content\/uploads\/2025\/04\/29.04.2025-1-1024x768.jpeg 1024w, https:\/\/knfsh.al\/wp-content\/uploads\/2025\/04\/29.04.2025-1-768x576.jpeg 768w, https:\/\/knfsh.al\/wp-content\/uploads\/2025\/04\/29.04.2025-1-16x12.jpeg 16w\" sizes=\"auto, (max-width: 1210px) 100vw, 1210px\" \/><\/p>\n<p style=\"text-align: justify;\"><strong>Members of the Executive Board of the Interreligious Council of Albania are:<\/strong><\/p>\n<p style=\"text-align: justify;\"><strong>\u00a0<\/strong><\/p>\n<p style=\"text-align: justify;\"><strong>General Secretary<\/strong><\/p>\n<p style=\"text-align: justify;\"><strong>Prof. Asoc. Dr. Genti Kruja<\/strong><\/p>\n<p style=\"text-align: justify;\"><strong>\u00a0<\/strong><\/p>\n<p style=\"text-align: justify;\"><strong>Muslim Community of Albania<\/strong><\/p>\n<p style=\"text-align: justify;\"><strong>Mr. Dorian Demetja<\/strong><\/p>\n<p style=\"text-align: justify;\"><strong>Mrs. Fatma Karaj<\/strong><\/p>\n<p style=\"text-align: justify;\"><strong>\u00a0<\/strong><\/p>\n<p style=\"text-align: justify;\"><strong>Autocephalous Orthodox Church of Albania<\/strong><\/p>\n<p style=\"text-align: justify;\"><strong>Episcopal Asti<\/strong><\/p>\n<p style=\"text-align: justify;\"><strong>Dr. Thoma Shkira<\/strong><\/p>\n<p style=\"text-align: justify;\"><strong>\u00a0<\/strong><\/p>\n<p style=\"text-align: justify;\"><strong>Catholic Church of Albania<\/strong><\/p>\n<p style=\"text-align: justify;\"><strong>Mons. Arjan Dodaj<\/strong><\/p>\n<p><strong>At\u00eb Zef Bisha S.J. <\/strong><\/p>\n<p>&nbsp;<\/p>\n<p style=\"text-align: justify;\"><strong>World Bektashi Headquarter<\/strong><\/p>\n<p style=\"text-align: justify;\"><strong>Mrs. Sheldiana Jano (Agaraj)<\/strong><\/p>\n<p><strong>Dervish Hasan Carkanji<\/strong><\/p>\n<p style=\"text-align: justify;\"><strong>\u00a0<\/strong><\/p>\n<p style=\"text-align: justify;\"><strong>Evangelical Brotherhood of Albania<\/strong><\/p>\n<p style=\"text-align: justify;\"><strong>Mr. Alesio Sema<\/strong><\/p>\n<p style=\"text-align: justify;\"><strong>Mrs. Ornela Pica\u00a0<\/strong><\/p>\n<p>&nbsp;<\/p>\n<p><strong>Article 22<\/strong><\/p>\n<p style=\"text-align: justify;\"><strong>Composition<\/strong><\/p>\n<p style=\"text-align: justify;\">The Executive Council is composed of 11 members, two representatives of each religious community and the General Secretary.<\/p>\n<p style=\"text-align: justify;\"><strong>\u00a0<\/strong><\/p>\n<p style=\"text-align: justify;\"><strong>Article 23<\/strong><\/p>\n<h3 style=\"text-align: justify;\">Functions of the Executive Council<\/h3>\n<p style=\"text-align: justify;\">a) Executive Council:<\/p>\n<ol style=\"text-align: justify;\">\n<li>a. It proposes the annual budget of the IRC of Albania.<\/li>\n<li>b. Proposes the budget plan for the next financial period.<\/li>\n<li>c. It designs and organizes IRC of Albania activities.<\/li>\n<li>Review the financial reports.<\/li>\n<li>e. It proposes the strategic actions and plan of the IRC of Albania and the priority objectives.<\/li>\n<li>Proposes its statute or changes.<\/li>\n<li>g. It proposes internal regulations of the IRC of Albania.<\/li>\n<\/ol>\n<p style=\"text-align: justify;\"><strong>Article 24<\/strong><\/p>\n<p style=\"text-align: justify;\"><strong>Decision making at the Executive Council<\/strong><\/p>\n<ol style=\"text-align: justify;\">\n<li>(a) Decisions at the Executive Council, where possible, shall be taken by consensus.<\/li>\n<li>b) When there is no consensus, the majority of the votes of the members present is enough.<\/li>\n<\/ol>\n<p style=\"text-align: justify;\"><strong>Article 25<\/strong><\/p>\n<p style=\"text-align: justify;\"><strong>Meetings of the Executive Council<\/strong><\/p>\n<ol style=\"text-align: justify;\">\n<li>a) The Executive Council shall convene not less than three times a year, and in exceptional cases.<\/li>\n<li>b) He is summoned and directed by the General Secretary.<\/li>\n<\/ol>\n<p style=\"text-align: justify;\"><strong>\u00a0<\/strong><\/p>\n<p style=\"text-align: justify;\"><strong>Article 26<\/strong><\/p>\n<p style=\"text-align: justify;\"><strong>The way of payment<\/strong><strong>\u00a0<\/strong><\/p>\n<ol style=\"text-align: justify;\">\n<li>a) Members of the Executive Council provides service voluntarily.<\/li>\n<li>b) They may be entitled to payment, compensation of expenses incurred for the exercise of their activity as well as other remuneration of this nature. These payments are made depending on the organization's work and income, in accordance with the procedures laid down in the internal regulation.<\/li>\n<\/ol>","protected":false},"excerpt":{"rendered":"<p>An\u00ebtar\u00ebt e K\u00ebshillit Ekzekutiv t\u00eb K\u00ebshillit Nd\u00ebrfetar t\u00eb Shqip\u00ebris\u00eb jan\u00eb: \u00a0 Sekretari i P\u00ebrgjithsh\u00ebm Prof. Asoc. Dr. Genti Kruja \u00a0 Komuniteti Mysliman i Shqip\u00ebris\u00eb Z. Dorian Demetja Znj. Fatma Karaj&#8230;<\/p>","protected":false},"author":1,"featured_media":2694,"parent":0,"menu_order":0,"comment_status":"closed","ping_status":"closed","template":"","meta":{"footnotes":""},"class_list":["post-219","page","type-page","status-publish","has-post-thumbnail","hentry"],"rttpg_featured_image_url":{"full":["https:\/\/knfsh.al\/wp-content\/uploads\/2025\/04\/29.04.2025-3-scaled.jpeg",2560,1920,false],"landscape":["https:\/\/knfsh.al\/wp-content\/uploads\/2025\/04\/29.04.2025-3-scaled.jpeg",2560,1920,false],"portraits":["https:\/\/knfsh.al\/wp-content\/uploads\/2025\/04\/29.04.2025-3-scaled.jpeg",2560,1920,false],"thumbnail":["https:\/\/knfsh.al\/wp-content\/uploads\/2025\/04\/29.04.2025-3-150x150.jpeg",150,150,true],"medium":["https:\/\/knfsh.al\/wp-content\/uploads\/2025\/04\/29.04.2025-3-300x225.jpeg",300,225,true],"large":["https:\/\/knfsh.al\/wp-content\/uploads\/2025\/04\/29.04.2025-3-1024x768.jpeg",900,675,true],"1536x1536":["https:\/\/knfsh.al\/wp-content\/uploads\/2025\/04\/29.04.2025-3-1536x1152.jpeg",1536,1152,true],"2048x2048":["https:\/\/knfsh.al\/wp-content\/uploads\/2025\/04\/29.04.2025-3-2048x1536.jpeg",2048,1536,true],"trp-custom-language-flag":["https:\/\/knfsh.al\/wp-content\/uploads\/2025\/04\/29.04.2025-3-16x12.jpeg",16,12,true],"post-thumbnail":["https:\/\/knfsh.al\/wp-content\/uploads\/2025\/04\/29.04.2025-3-360x220.jpeg",360,220,true],"blog-single":["https:\/\/knfsh.al\/wp-content\/uploads\/2025\/04\/29.04.2025-3-750x390.jpeg",750,390,true],"events-thumb":["https:\/\/knfsh.al\/wp-content\/uploads\/2025\/04\/29.04.2025-3-170x150.jpeg",170,150,true],"events-single":["https:\/\/knfsh.al\/wp-content\/uploads\/2025\/04\/29.04.2025-3-225x240.jpeg",225,240,true],"courses-single":["https:\/\/knfsh.al\/wp-content\/uploads\/2025\/04\/29.04.2025-3-770x220.jpeg",770,220,true],"slider-image":["https:\/\/knfsh.al\/wp-content\/uploads\/2025\/04\/29.04.2025-3-770x400.jpeg",770,400,true],"gallery-thumb":["https:\/\/knfsh.al\/wp-content\/uploads\/2025\/04\/29.04.2025-3-260x180.jpeg",260,180,true],"widget-blog-thumb":["https:\/\/knfsh.al\/wp-content\/uploads\/2025\/04\/29.04.2025-3-65x65.jpeg",65,65,true]},"rttpg_author":{"display_name":"knfsh","author_link":"https:\/\/knfsh.al\/en\/author\/elite\/"},"rttpg_comment":0,"rttpg_category":null,"rttpg_excerpt":"An\u00ebtar\u00ebt e K\u00ebshillit Ekzekutiv t\u00eb K\u00ebshillit Nd\u00ebrfetar t\u00eb Shqip\u00ebris\u00eb jan\u00eb: \u00a0 Sekretari i P\u00ebrgjithsh\u00ebm Prof. Asoc. Dr. Genti Kruja \u00a0 Komuniteti Mysliman i Shqip\u00ebris\u00eb Z. Dorian Demetja Znj. Fatma Karaj...","_links":{"self":[{"href":"https:\/\/knfsh.al\/en\/wp-json\/wp\/v2\/pages\/219","targetHints":{"allow":["GET"]}}],"collection":[{"href":"https:\/\/knfsh.al\/en\/wp-json\/wp\/v2\/pages"}],"about":[{"href":"https:\/\/knfsh.al\/en\/wp-json\/wp\/v2\/types\/page"}],"author":[{"embeddable":true,"href":"https:\/\/knfsh.al\/en\/wp-json\/wp\/v2\/users\/1"}],"replies":[{"embeddable":true,"href":"https:\/\/knfsh.al\/en\/wp-json\/wp\/v2\/comments?post=219"}],"version-history":[{"count":18,"href":"https:\/\/knfsh.al\/en\/wp-json\/wp\/v2\/pages\/219\/revisions"}],"predecessor-version":[{"id":2806,"href":"https:\/\/knfsh.al\/en\/wp-json\/wp\/v2\/pages\/219\/revisions\/2806"}],"wp:featuredmedia":[{"embeddable":true,"href":"https:\/\/knfsh.al\/en\/wp-json\/wp\/v2\/media\/2694"}],"wp:attachment":[{"href":"https:\/\/knfsh.al\/en\/wp-json\/wp\/v2\/media?parent=219"}],"curies":[{"name":"wp","href":"https:\/\/api.w.org\/{rel}","templated":true}]}}