{"id":216,"date":"2019-02-18T23:20:56","date_gmt":"2019-02-18T23:20:56","guid":{"rendered":"http:\/\/knfsh.al\/?page_id=216"},"modified":"2025-04-07T15:14:33","modified_gmt":"2025-04-07T14:14:33","slug":"keshilli-i-presidences","status":"publish","type":"page","link":"https:\/\/knfsh.al\/en\/keshilli-i-presidences\/","title":{"rendered":"Council of the Presidency"},"content":{"rendered":"<p style=\"text-align: justify;\"><strong>The Council of the Presidency of the Interfaith Council of Albania consists of the heads of five religious communities:<\/strong><\/p>\r\n<p style=\"text-align: justify;\">\u00a0<\/p>\r\n<p style=\"text-align: justify;\"><strong>1. H. Bujar Spahiu,<\/strong>\u00a0Head of Muslim Community of Albania<\/p>\r\n<p style=\"text-align: justify;\"><strong>2. His Beatitude John<\/strong> Archbishop of the Autocephalous Orthodox Church of Albania.<\/p>\r\n<p style=\"text-align: justify;\"><strong>3. Mons. Gjergj Meta,<\/strong> President of the Episcopal Conference of Albania.<\/p>\r\n<p style=\"text-align: justify;\"><strong>4. H. Dede Edmond Brahimaj,<\/strong> World Leader Bektashi Community.<\/p>\r\n<p style=\"text-align: justify;\"><strong>5. Pastor Ergest Biti,<\/strong>\u00a0Head of the Evangelical Brotherhood of Albania<\/p>\r\n<p style=\"text-align: justify;\">\u00a0<\/p>\r\n<p style=\"text-align: center;\"><strong>THE COUNCIL OF THE PRESIDENCY<\/strong><\/p>\r\n<p style=\"text-align: justify;\">a) \"The highest decision-making body of the IRC of Albania Center is the Council of the Presidency, which consists of the Leaders of the religious communities participating in the Center.  It convene not less than twice a year and in special cases.<br \/>(b) In the case of removal from office of each of the heads of religious communities, for whatever reason, shall be replaced by his successor at the head of that religious community.<\/p>\r\n<p style=\"text-align: justify;\">\u00a0<\/p>\r\n<p style=\"text-align: center;\"><strong>Article 12<\/strong><\/p>\r\n<p style=\"text-align: justify;\">a) The Council of Presidency shall determine the Chairperson of the Council of Presidency every year according to the rotation formula, starting with the largest traditional religious community. The Chairman will also be the Council's Spokesperson.<br \/>..<br \/>c) The Chairman of the Council of Presidency represents the Center in relations with third parties, signs any act arising from Presidential Council meetings, convenes Council meetings, hears reports from the General Secretary and executive staff, authorizes other persons to conduct procedural actions to courts or other state organs.<\/p>\r\n<p style=\"text-align: justify;\">\u00a0<\/p>\r\n<p style=\"text-align: center;\"><strong>Article 13<\/strong><\/p>\r\n<p style=\"text-align: justify;\">The Presidential Council shall elect by a vote the General Secretary and the financier proposed by the President. In the event of an equal split of votes, the mayor's vote is decisive.<\/p>\r\n<p style=\"text-align: justify;\">\u00a0<\/p>\r\n<p style=\"text-align: center;\"><strong>Article 14<\/strong><br \/><strong>Competencies<\/strong><\/p>\r\n<p style=\"text-align: justify;\">The Council of Presidency directs all the activities of the Council, defines concrete directions of work, adopts Council projects and project funding priorities.<\/p>\r\n<p>&nbsp;<\/p>\r\n<p style=\"text-align: center;\"><strong>Article 15<\/strong><br \/><strong>The Council of the Presidency:<\/strong><\/p>\r\n<p style=\"text-align: justify;\">a. Approves the annual budget of the IRC of Albania.<br \/>b. Approve plan - budget for the next financial period.<br \/>c. Analyses and approves financial reports.<br \/>d. Determines the strategic actions and action plan of the IRC of Albania and sets priority actions.<br \/>e. Approves the statute or its amendments<br \/>f. Approves the IRC of Albania's internal regulations.<br \/>g. It collects and supervises any commission or committee that may be raised by the council.<\/p>\r\n<p style=\"text-align: justify;\">\u00a0<\/p>\r\n<p style=\"text-align: center;\"><strong>Article 16<\/strong><\/p>\r\n<p style=\"text-align: justify;\">The Council of the Presidency in any case only takes unanimous decisions on all matters, except for the voting of the functional persons, when the majority of the votes is sufficient and, when the votes are equal, the President's vote is decisive.<\/p>\r\n<p style=\"text-align: justify;\">\u00a0<\/p>\r\n<p style=\"text-align: center;\"><strong>Article 17<\/strong><\/p>\r\n<p style=\"text-align: justify;\">The Presidency Council appoints and dismisses members of the Executive Council.<\/p>\r\n<p style=\"text-align: justify;\">\u00a0<\/p>\r\n<p style=\"text-align: center;\"><strong>Article 18<\/strong><\/p>\r\n<p style=\"text-align: justify;\">For the purposes of developing and achieving certain objectives, the IRC of Albania may establish  IRC of Albania\u2019s Local Units.<\/p>\r\n<p style=\"text-align: justify;\">\u00a0<\/p>\r\n<p style=\"text-align: center;\"><strong>Article 19<\/strong><\/p>\r\n<p style=\"text-align: justify;\">The local units will consist of two local representatives of each religious community and coincide with those that are represented in the Council of Presidency. Their election and dismissal is done by the Council of the Presidency.<\/p>\r\n<p style=\"text-align: justify;\">\u00a0<\/p>\r\n<p style=\"text-align: center;\"><strong>Article 20<\/strong><\/p>\r\n<p style=\"text-align: justify;\">The activity, structure, duration and functioning of Local Units is determined by the IRC of Albania.<\/p>\r\n<p style=\"text-align: justify;\">\u00a0<\/p>\r\n<p style=\"text-align: center;\"><strong>Article 21<\/strong><br \/><strong>Meetings<\/strong><\/p>\r\n<p style=\"text-align: justify;\">The Presidency Council determines the chart of meetings itself.<br \/>a) The Council may convene in extraordinary meetings and more than twice a year if this is required by 3 of its members.<\/p>\r\n<p><img loading=\"lazy\" decoding=\"async\" class=\"aligncenter size-full wp-image-1123\" src=\"https:\/\/knfsh.al\/wp-content\/uploads\/2020\/08\/2007.jpg\" alt=\"\" width=\"1653\" height=\"1165\" srcset=\"https:\/\/knfsh.al\/wp-content\/uploads\/2020\/08\/2007.jpg 1653w, https:\/\/knfsh.al\/wp-content\/uploads\/2020\/08\/2007-300x211.jpg 300w, https:\/\/knfsh.al\/wp-content\/uploads\/2020\/08\/2007-768x541.jpg 768w, https:\/\/knfsh.al\/wp-content\/uploads\/2020\/08\/2007-1024x722.jpg 1024w\" sizes=\"auto, (max-width: 1653px) 100vw, 1653px\" \/><\/p>\r\n<p><img loading=\"lazy\" decoding=\"async\" class=\"aligncenter size-full wp-image-598\" src=\"https:\/\/knfsh.al\/wp-content\/uploads\/2019\/02\/KNFSH-lideret.jpg\" alt=\"\" width=\"1080\" height=\"747\" srcset=\"https:\/\/knfsh.al\/wp-content\/uploads\/2019\/02\/KNFSH-lideret.jpg 1080w, https:\/\/knfsh.al\/wp-content\/uploads\/2019\/02\/KNFSH-lideret-300x208.jpg 300w, https:\/\/knfsh.al\/wp-content\/uploads\/2019\/02\/KNFSH-lideret-768x531.jpg 768w, https:\/\/knfsh.al\/wp-content\/uploads\/2019\/02\/KNFSH-lideret-1024x708.jpg 1024w, https:\/\/knfsh.al\/wp-content\/uploads\/2019\/02\/KNFSH-lideret-260x180.jpg 260w\" sizes=\"auto, (max-width: 1080px) 100vw, 1080px\" \/><img loading=\"lazy\" decoding=\"async\" class=\"aligncenter size-full wp-image-1306\" src=\"https:\/\/knfsh.al\/wp-content\/uploads\/2021\/02\/bordi-i-presidences-01.jpg\" alt=\"\" width=\"1280\" height=\"777\" srcset=\"https:\/\/knfsh.al\/wp-content\/uploads\/2021\/02\/bordi-i-presidences-01.jpg 1280w, https:\/\/knfsh.al\/wp-content\/uploads\/2021\/02\/bordi-i-presidences-01-300x182.jpg 300w, https:\/\/knfsh.al\/wp-content\/uploads\/2021\/02\/bordi-i-presidences-01-1024x622.jpg 1024w, https:\/\/knfsh.al\/wp-content\/uploads\/2021\/02\/bordi-i-presidences-01-768x466.jpg 768w, https:\/\/knfsh.al\/wp-content\/uploads\/2021\/02\/bordi-i-presidences-01-16x10.jpg 16w, https:\/\/knfsh.al\/wp-content\/uploads\/2021\/02\/bordi-i-presidences-01-360x220.jpg 360w\" sizes=\"auto, (max-width: 1280px) 100vw, 1280px\" \/><img loading=\"lazy\" decoding=\"async\" class=\"aligncenter size-full wp-image-1673\" src=\"https:\/\/knfsh.al\/wp-content\/uploads\/2022\/02\/ZK1A9213-scaled.jpg\" alt=\"\" width=\"2560\" height=\"1415\" srcset=\"https:\/\/knfsh.al\/wp-content\/uploads\/2022\/02\/ZK1A9213-scaled.jpg 2560w, https:\/\/knfsh.al\/wp-content\/uploads\/2022\/02\/ZK1A9213-300x166.jpg 300w, https:\/\/knfsh.al\/wp-content\/uploads\/2022\/02\/ZK1A9213-1024x566.jpg 1024w, https:\/\/knfsh.al\/wp-content\/uploads\/2022\/02\/ZK1A9213-768x425.jpg 768w, https:\/\/knfsh.al\/wp-content\/uploads\/2022\/02\/ZK1A9213-1536x849.jpg 1536w, https:\/\/knfsh.al\/wp-content\/uploads\/2022\/02\/ZK1A9213-2048x1132.jpg 2048w, https:\/\/knfsh.al\/wp-content\/uploads\/2022\/02\/ZK1A9213-18x10.jpg 18w\" sizes=\"auto, (max-width: 2560px) 100vw, 2560px\" \/><img loading=\"lazy\" decoding=\"async\" class=\"aligncenter size-full wp-image-2171\" src=\"https:\/\/knfsh.al\/wp-content\/uploads\/2024\/02\/10.2.2024-11.jpeg\" alt=\"\" width=\"1280\" height=\"1142\" srcset=\"https:\/\/knfsh.al\/wp-content\/uploads\/2024\/02\/10.2.2024-11.jpeg 1280w, https:\/\/knfsh.al\/wp-content\/uploads\/2024\/02\/10.2.2024-11-300x268.jpeg 300w, https:\/\/knfsh.al\/wp-content\/uploads\/2024\/02\/10.2.2024-11-1024x914.jpeg 1024w, https:\/\/knfsh.al\/wp-content\/uploads\/2024\/02\/10.2.2024-11-768x685.jpeg 768w, https:\/\/knfsh.al\/wp-content\/uploads\/2024\/02\/10.2.2024-11-13x12.jpeg 13w\" sizes=\"auto, (max-width: 1280px) 100vw, 1280px\" \/><img loading=\"lazy\" decoding=\"async\" class=\"aligncenter size-full wp-image-2328\" src=\"https:\/\/knfsh.al\/wp-content\/uploads\/2024\/05\/27.05-5-scaled.jpg\" alt=\"\" width=\"2560\" height=\"1707\" srcset=\"https:\/\/knfsh.al\/wp-content\/uploads\/2024\/05\/27.05-5-scaled.jpg 2560w, https:\/\/knfsh.al\/wp-content\/uploads\/2024\/05\/27.05-5-300x200.jpg 300w, https:\/\/knfsh.al\/wp-content\/uploads\/2024\/05\/27.05-5-1024x683.jpg 1024w, https:\/\/knfsh.al\/wp-content\/uploads\/2024\/05\/27.05-5-768x512.jpg 768w, https:\/\/knfsh.al\/wp-content\/uploads\/2024\/05\/27.05-5-1536x1024.jpg 1536w, https:\/\/knfsh.al\/wp-content\/uploads\/2024\/05\/27.05-5-2048x1365.jpg 2048w, https:\/\/knfsh.al\/wp-content\/uploads\/2024\/05\/27.05-5-18x12.jpg 18w\" sizes=\"auto, (max-width: 2560px) 100vw, 2560px\" \/><img loading=\"lazy\" decoding=\"async\" class=\"aligncenter size-full wp-image-2332\" src=\"https:\/\/knfsh.al\/wp-content\/uploads\/2024\/06\/RAD61582.jpg\" alt=\"\" width=\"1023\" height=\"682\" srcset=\"https:\/\/knfsh.al\/wp-content\/uploads\/2024\/06\/RAD61582.jpg 1023w, https:\/\/knfsh.al\/wp-content\/uploads\/2024\/06\/RAD61582-300x200.jpg 300w, https:\/\/knfsh.al\/wp-content\/uploads\/2024\/06\/RAD61582-768x512.jpg 768w, https:\/\/knfsh.al\/wp-content\/uploads\/2024\/06\/RAD61582-18x12.jpg 18w\" sizes=\"auto, (max-width: 1023px) 100vw, 1023px\" \/><img loading=\"lazy\" decoding=\"async\" class=\"aligncenter size-full wp-image-2567\" src=\"https:\/\/knfsh.al\/wp-content\/uploads\/2025\/04\/Kryepeshkop-Joani-3.png\" alt=\"\" width=\"940\" height=\"711\" srcset=\"https:\/\/knfsh.al\/wp-content\/uploads\/2025\/04\/Kryepeshkop-Joani-3.png 940w, https:\/\/knfsh.al\/wp-content\/uploads\/2025\/04\/Kryepeshkop-Joani-3-300x227.png 300w, https:\/\/knfsh.al\/wp-content\/uploads\/2025\/04\/Kryepeshkop-Joani-3-768x581.png 768w, https:\/\/knfsh.al\/wp-content\/uploads\/2025\/04\/Kryepeshkop-Joani-3-16x12.png 16w\" sizes=\"auto, (max-width: 940px) 100vw, 940px\" \/><\/p>","protected":false},"excerpt":{"rendered":"<p>K\u00ebshilli i Presidenc\u00ebs s\u00eb K\u00ebshillit Nd\u00ebrfetar t\u00eb Shqip\u00ebris\u00eb, p\u00ebrb\u00ebhet nga krer\u00ebt e pes\u00eb komuniteteve fetare: \u00a0 1. H. Bujar Spahiu,\u00a0Kryetar i Komuniteti Mysliman t\u00eb Shqip\u00ebris\u00eb 2. Fortlumturia e Tij Joani,&#8230;<\/p>","protected":false},"author":1,"featured_media":2171,"parent":0,"menu_order":0,"comment_status":"closed","ping_status":"closed","template":"","meta":{"footnotes":""},"class_list":["post-216","page","type-page","status-publish","has-post-thumbnail","hentry"],"rttpg_featured_image_url":{"full":["https:\/\/knfsh.al\/wp-content\/uploads\/2024\/02\/10.2.2024-11.jpeg",1280,1142,false],"landscape":["https:\/\/knfsh.al\/wp-content\/uploads\/2024\/02\/10.2.2024-11.jpeg",1280,1142,false],"portraits":["https:\/\/knfsh.al\/wp-content\/uploads\/2024\/02\/10.2.2024-11.jpeg",1280,1142,false],"thumbnail":["https:\/\/knfsh.al\/wp-content\/uploads\/2024\/02\/10.2.2024-11-150x150.jpeg",150,150,true],"medium":["https:\/\/knfsh.al\/wp-content\/uploads\/2024\/02\/10.2.2024-11-300x268.jpeg",300,268,true],"large":["https:\/\/knfsh.al\/wp-content\/uploads\/2024\/02\/10.2.2024-11-1024x914.jpeg",900,803,true],"1536x1536":["https:\/\/knfsh.al\/wp-content\/uploads\/2024\/02\/10.2.2024-11.jpeg",1280,1142,false],"2048x2048":["https:\/\/knfsh.al\/wp-content\/uploads\/2024\/02\/10.2.2024-11.jpeg",1280,1142,false],"trp-custom-language-flag":["https:\/\/knfsh.al\/wp-content\/uploads\/2024\/02\/10.2.2024-11-13x12.jpeg",13,12,true],"post-thumbnail":["https:\/\/knfsh.al\/wp-content\/uploads\/2024\/02\/10.2.2024-11-360x220.jpeg",360,220,true],"blog-single":["https:\/\/knfsh.al\/wp-content\/uploads\/2024\/02\/10.2.2024-11-750x390.jpeg",750,390,true],"events-thumb":["https:\/\/knfsh.al\/wp-content\/uploads\/2024\/02\/10.2.2024-11-170x150.jpeg",170,150,true],"events-single":["https:\/\/knfsh.al\/wp-content\/uploads\/2024\/02\/10.2.2024-11-225x240.jpeg",225,240,true],"courses-single":["https:\/\/knfsh.al\/wp-content\/uploads\/2024\/02\/10.2.2024-11-770x220.jpeg",770,220,true],"slider-image":["https:\/\/knfsh.al\/wp-content\/uploads\/2024\/02\/10.2.2024-11-770x400.jpeg",770,400,true],"gallery-thumb":["https:\/\/knfsh.al\/wp-content\/uploads\/2024\/02\/10.2.2024-11-260x180.jpeg",260,180,true],"widget-blog-thumb":["https:\/\/knfsh.al\/wp-content\/uploads\/2024\/02\/10.2.2024-11-65x65.jpeg",65,65,true]},"rttpg_author":{"display_name":"knfsh","author_link":"https:\/\/knfsh.al\/en\/author\/elite\/"},"rttpg_comment":0,"rttpg_category":null,"rttpg_excerpt":"K\u00ebshilli i Presidenc\u00ebs s\u00eb K\u00ebshillit Nd\u00ebrfetar t\u00eb Shqip\u00ebris\u00eb, p\u00ebrb\u00ebhet nga krer\u00ebt e pes\u00eb komuniteteve fetare: \u00a0 1. H. Bujar Spahiu,\u00a0Kryetar i Komuniteti Mysliman t\u00eb Shqip\u00ebris\u00eb 2. Fortlumturia e Tij Joani,...","_links":{"self":[{"href":"https:\/\/knfsh.al\/en\/wp-json\/wp\/v2\/pages\/216","targetHints":{"allow":["GET"]}}],"collection":[{"href":"https:\/\/knfsh.al\/en\/wp-json\/wp\/v2\/pages"}],"about":[{"href":"https:\/\/knfsh.al\/en\/wp-json\/wp\/v2\/types\/page"}],"author":[{"embeddable":true,"href":"https:\/\/knfsh.al\/en\/wp-json\/wp\/v2\/users\/1"}],"replies":[{"embeddable":true,"href":"https:\/\/knfsh.al\/en\/wp-json\/wp\/v2\/comments?post=216"}],"version-history":[{"count":24,"href":"https:\/\/knfsh.al\/en\/wp-json\/wp\/v2\/pages\/216\/revisions"}],"predecessor-version":[{"id":2583,"href":"https:\/\/knfsh.al\/en\/wp-json\/wp\/v2\/pages\/216\/revisions\/2583"}],"wp:featuredmedia":[{"embeddable":true,"href":"https:\/\/knfsh.al\/en\/wp-json\/wp\/v2\/media\/2171"}],"wp:attachment":[{"href":"https:\/\/knfsh.al\/en\/wp-json\/wp\/v2\/media?parent=216"}],"curies":[{"name":"wp","href":"https:\/\/api.w.org\/{rel}","templated":true}]}}