{"id":1281,"date":"2021-01-10T16:25:38","date_gmt":"2021-01-10T15:25:38","guid":{"rendered":"https:\/\/knfsh.al\/?page_id=1281"},"modified":"2025-05-31T23:42:34","modified_gmt":"2025-05-31T22:42:34","slug":"ish-kryetar-viti-2020","status":"publish","type":"page","link":"https:\/\/knfsh.al\/en\/ish-kryetar-viti-2020\/","title":{"rendered":"Chairman 2020"},"content":{"rendered":"<p><img loading=\"lazy\" decoding=\"async\" class=\"alignleft size-medium wp-image-908\" src=\"http:\/\/knfsh.al\/wp-content\/uploads\/2020\/01\/Frendo-194x300.jpg\" alt=\"\" width=\"194\" height=\"300\" srcset=\"https:\/\/knfsh.al\/wp-content\/uploads\/2020\/01\/Frendo-194x300.jpg 194w, https:\/\/knfsh.al\/wp-content\/uploads\/2020\/01\/Frendo.jpg 516w\" sizes=\"auto, (max-width: 194px) 100vw, 194px\" \/><\/p>\n<p style=\"text-align: justify;\">Mons. George Frendo (President of the Episcopal Conference of Albania and Archbishop of the Archdiocese of Tirana-Durr\u00ebs) was the President of the Interreligious Council of Albania for the year 2020.<\/p>\n<p style=\"text-align: justify;\"><strong><em>Who is Mons. George Frendo?<\/em><\/strong><\/p>\n<p style=\"text-align: justify;\">Mons. George Anthony Frendo was born in Qormi, Malta, on April 4, 1946, being the fifth of seven children in the family. After completing primary and secondary school, in 1962 he entered the Order of Preachers (Dominicans). He then pursued studies in philosophy and theology at the Collegium Philosophico-Theologicum Sancti Thomae Aquinatis in Rabat, Malta. He was ordained a priest on April 7, 1969.<\/p>\n<p style=\"text-align: justify;\"><strong>STUDIES AND TEACHING <\/strong><\/p>\n<p style=\"text-align: justify;\">From the College of St. Thomas in Rabat, he earned a Licentiate in Theology with the thesis Baptism as the Sacrament of Faith in the Doctrine and Practice of the Church. He continued his studies at the Pontificia Universitas Sancti Thomae Aquinatis in Rome, in the Faculty of Canon Law and in 1973 graduated as a Doctor in Canon Law by defending the thesis Indissolubility and Divorce in the Theology of Thirteenth Century Scholastics.<\/p>\n<p style=\"text-align: justify;\">Upon returning to Malta, he immediately began teaching Dogmatic Theology at the Collegium Philosophico-Theologicum Sancti Thomae Aquinatis of the Dominicans; he also taught several courses in Dogmatic Theology (Sacraments, Christology, and Eschatology) at the Faculty of Theology in Malta as well as a course on contemporary atheism at the Seminary of Gozo. In Albania, he taught Trinitarian Theology and Christology at the Interdiocesan Seminary in Shkod\u00ebr.<\/p>\n<p style=\"text-align: justify;\">In Albania, he taught Trinitarian Theology and Christology at the Interdiocesan Seminary in Shkod\u00ebr.<\/p>\n<p style=\"text-align: justify;\"><strong>OFFICES IN THE DOMINICAN ORDER<\/strong><\/p>\n<p style=\"text-align: justify;\">1974\u20131979: Teacher of novices and students<\/p>\n<p style=\"text-align: justify;\">1979-1981: Local Superior<\/p>\n<p style=\"text-align: justify;\">1981\u20131989: Parish priest in a Dominican parish in Malta<\/p>\n<p style=\"text-align: justify;\">1989-1997: Provincial of the Dominicans in Malta<\/p>\n<p style=\"text-align: justify;\">1992\u20131996: President of the Conference of Major Superiors in Malta<\/p>\n<p style=\"text-align: justify;\"><strong>OFFICES IN THE ARCHDIOCESE OF MALTA<\/strong><\/p>\n<p style=\"text-align: justify;\">1974-1980: \u2018Defensor Vinculi\u2019 (Defender of the marriage bond) in the Church Tribunal<\/p>\n<p style=\"text-align: justify;\">1980\u20131989: Judge of the Interdiocesan Court of Second Instance<\/p>\n<p style=\"text-align: justify;\">Member of the commission established by the Maltese Episcopal Conference for the drafting of complementary norms following the promulgation of the new Code of Canon Law<\/p>\n<p style=\"text-align: justify;\"><strong>CHURCH OFFICES IN ALBANIA<\/strong><\/p>\n<p style=\"text-align: justify;\">Member of the commission established by the Maltese Episcopal Conference for the drafting of complementary norms following the promulgation of the new Code of Canon Law<\/p>\n<p style=\"text-align: justify;\">1998\u20132005: Vicar General of the Archdiocese of Tirana-Durr\u00ebs<\/p>\n<p style=\"text-align: justify;\">1992\u20131996: President of the Conference of Major Superiors in Malta<\/p>\n<p style=\"text-align: justify;\">2001\u20132006: Member of the European General Council for Major Religious Superiors<\/p>\n<p style=\"text-align: justify;\">2001- 2006: Judiciary Vicar of the Interdiocesan Tribunal.<\/p>\n<p style=\"text-align: justify;\">On 23rd of September 2006 he became Auxiliary Bishop of Tirana.<\/p>\n<p style=\"text-align: justify;\">In 2007, he was appointed a member of the Pontifical Council for Interreligious Dialogue<\/p>\n<p style=\"text-align: justify;\">In May 2012 he was chosen to be the Secretary General of the Episcopal Conference.<\/p>\n<p style=\"text-align: justify;\">On December the 3rd 2016 he was proclaimed Archbishop of Tirana-Durr\u00ebs.<\/p>\n<p style=\"text-align: justify;\">On February the 5th 2018 he was elected President of the Episcopal Conference of Albania.<\/p>\n<p style=\"text-align: justify;\">From January 2020 until the end of 2020, he was Chairman of the Interreligious Council of Albania.<\/p>\n<p style=\"text-align: justify;\">He is the author of various books of doctrinal or spiritual nature (e.g., the Eucharist, the Sacraments, the Most Holy Mary, three catechetical books for the three years of preparation for the great Jubilee, the family, contemporary atheism, a compendium of the Catechism of the Catholic Church, Eucharistic adorations, etc.)<\/p>\n<p style=\"text-align: justify;\">He has had the experience of many international meetings, as provincial of the Dominicans in Malta, then as president of the Conference of Major Superiors in Malta and in Albania, as a member of the European General Council for Major Religious Superiors, and also as a delegate on behalf of the Albanian Episcopal Conference.<\/p>","protected":false},"excerpt":{"rendered":"<p>Mons. George Frendo (Kryetar i Konferenc\u00ebs Ipeshkvore t\u00eb Shqip\u00ebris\u00eb dhe Arqipeshkv i Arqipeshkvis\u00eb Tiran\u00eb-Durr\u00ebs) ishte Kryetar i K\u00ebshillit Nd\u00ebrfetar t\u00eb Shqip\u00ebris\u00eb p\u00ebr vitin 2020. Kush \u00ebsht\u00eb Mons. George Frendo? Mons&#8230;.<\/p>","protected":false},"author":1,"featured_media":912,"parent":0,"menu_order":0,"comment_status":"closed","ping_status":"closed","template":"","meta":{"footnotes":""},"class_list":["post-1281","page","type-page","status-publish","has-post-thumbnail","hentry"],"rttpg_featured_image_url":{"full":["https:\/\/knfsh.al\/wp-content\/uploads\/2020\/01\/Frendo-Copy.jpg",516,434,false],"landscape":["https:\/\/knfsh.al\/wp-content\/uploads\/2020\/01\/Frendo-Copy.jpg",516,434,false],"portraits":["https:\/\/knfsh.al\/wp-content\/uploads\/2020\/01\/Frendo-Copy.jpg",516,434,false],"thumbnail":["https:\/\/knfsh.al\/wp-content\/uploads\/2020\/01\/Frendo-Copy-150x150.jpg",150,150,true],"medium":["https:\/\/knfsh.al\/wp-content\/uploads\/2020\/01\/Frendo-Copy-300x252.jpg",300,252,true],"large":["https:\/\/knfsh.al\/wp-content\/uploads\/2020\/01\/Frendo-Copy.jpg",516,434,false],"1536x1536":["https:\/\/knfsh.al\/wp-content\/uploads\/2020\/01\/Frendo-Copy.jpg",516,434,false],"2048x2048":["https:\/\/knfsh.al\/wp-content\/uploads\/2020\/01\/Frendo-Copy.jpg",516,434,false],"trp-custom-language-flag":["https:\/\/knfsh.al\/wp-content\/uploads\/2020\/01\/Frendo-Copy.jpg",14,12,false],"post-thumbnail":["https:\/\/knfsh.al\/wp-content\/uploads\/2020\/01\/Frendo-Copy-360x220.jpg",360,220,true],"blog-single":["https:\/\/knfsh.al\/wp-content\/uploads\/2020\/01\/Frendo-Copy-516x390.jpg",516,390,true],"events-thumb":["https:\/\/knfsh.al\/wp-content\/uploads\/2020\/01\/Frendo-Copy-170x150.jpg",170,150,true],"events-single":["https:\/\/knfsh.al\/wp-content\/uploads\/2020\/01\/Frendo-Copy-225x240.jpg",225,240,true],"courses-single":["https:\/\/knfsh.al\/wp-content\/uploads\/2020\/01\/Frendo-Copy-516x220.jpg",516,220,true],"slider-image":["https:\/\/knfsh.al\/wp-content\/uploads\/2020\/01\/Frendo-Copy-516x400.jpg",516,400,true],"gallery-thumb":["https:\/\/knfsh.al\/wp-content\/uploads\/2020\/01\/Frendo-Copy-260x180.jpg",260,180,true],"widget-blog-thumb":["https:\/\/knfsh.al\/wp-content\/uploads\/2020\/01\/Frendo-Copy-65x65.jpg",65,65,true]},"rttpg_author":{"display_name":"knfsh","author_link":"https:\/\/knfsh.al\/en\/author\/elite\/"},"rttpg_comment":0,"rttpg_category":null,"rttpg_excerpt":"Mons. George Frendo (Kryetar i Konferenc\u00ebs Ipeshkvore t\u00eb Shqip\u00ebris\u00eb dhe Arqipeshkv i Arqipeshkvis\u00eb Tiran\u00eb-Durr\u00ebs) ishte Kryetar i K\u00ebshillit Nd\u00ebrfetar t\u00eb Shqip\u00ebris\u00eb p\u00ebr vitin 2020. Kush \u00ebsht\u00eb Mons. George Frendo? Mons....","_links":{"self":[{"href":"https:\/\/knfsh.al\/en\/wp-json\/wp\/v2\/pages\/1281","targetHints":{"allow":["GET"]}}],"collection":[{"href":"https:\/\/knfsh.al\/en\/wp-json\/wp\/v2\/pages"}],"about":[{"href":"https:\/\/knfsh.al\/en\/wp-json\/wp\/v2\/types\/page"}],"author":[{"embeddable":true,"href":"https:\/\/knfsh.al\/en\/wp-json\/wp\/v2\/users\/1"}],"replies":[{"embeddable":true,"href":"https:\/\/knfsh.al\/en\/wp-json\/wp\/v2\/comments?post=1281"}],"version-history":[{"count":8,"href":"https:\/\/knfsh.al\/en\/wp-json\/wp\/v2\/pages\/1281\/revisions"}],"predecessor-version":[{"id":2791,"href":"https:\/\/knfsh.al\/en\/wp-json\/wp\/v2\/pages\/1281\/revisions\/2791"}],"wp:featuredmedia":[{"embeddable":true,"href":"https:\/\/knfsh.al\/en\/wp-json\/wp\/v2\/media\/912"}],"wp:attachment":[{"href":"https:\/\/knfsh.al\/en\/wp-json\/wp\/v2\/media?parent=1281"}],"curies":[{"name":"wp","href":"https:\/\/api.w.org\/{rel}","templated":true}]}}