{"id":1406,"date":"2021-04-21T12:26:42","date_gmt":"2021-04-21T11:26:42","guid":{"rendered":"https:\/\/knfsh.al\/?page_id=1406"},"modified":"2021-04-21T12:26:42","modified_gmt":"2021-04-21T11:26:42","slug":"aktivitete","status":"publish","type":"page","link":"http:\/\/knfsh.al\/en\/aktivitete\/","title":{"rendered":"Activities"},"content":{"rendered":"<style type='text\/css' media='all'>#rt-tpg-container-1709184832 .rt-holder .rt-woo-info .price{color:#0367bf;}body .rt-tpg-container .rt-tpg-isotope-buttons .selected,\n\t\t\t\t\t#rt-tpg-container-1709184832 .layout12 .rt-holder:hover .rt-detail,\n\t\t\t\t\t#rt-tpg-container-1709184832 .isotope8 .rt-holder:hover .rt-detail,\n\t\t\t\t\t#rt-tpg-container-1709184832 .carousel8 .rt-holder:hover .rt-detail,\n\t\t\t\t\t#rt-tpg-container-1709184832 .layout13 .rt-holder .overlay .post-info,\n\t\t\t\t\t#rt-tpg-container-1709184832 .isotope9 .rt-holder .overlay .post-info,\n\t\t\t\t\t#rt-tpg-container-1709184832.rt-tpg-container .layout4 .rt-holder .rt-detail,\n\t\t\t\t\t.rt-modal-1709184832 .md-content,\n\t\t\t\t\t.rt-modal-1709184832 .md-content > .rt-md-content-holder .rt-md-content,\n\t\t\t\t\t.rt-popup-wrap-1709184832.rt-popup-wrap .rt-popup-navigation-wrap,\n\t\t\t\t\t#rt-tpg-container-1709184832 .carousel9 .rt-holder .overlay .post-info{background-color:#0367bf;}#rt-tpg-container-1709184832 .layout5 .rt-holder .overlay, #rt-tpg-container-1709184832 .isotope2 .rt-holder .overlay, #rt-tpg-container-1709184832 .carousel2 .rt-holder .overlay,#rt-tpg-container-1709184832 .layout15 .rt-holder h3, #rt-tpg-container-1709184832 .isotope11 .rt-holder h3, #rt-tpg-container-1709184832 .carousel11 .rt-holder h3, #rt-tpg-container-1709184832 .layout16 .rt-holder h3,\n\t\t\t\t\t#rt-tpg-container-1709184832 .isotope12 .rt-holder h3, #rt-tpg-container-1709184832 .carousel12 .rt-holder h3 {background-color:rgba(3,103,191,0.8);}#rt-tpg-container-1709184832 .read-more a{border-radius:px;}#rt-tpg-container-1709184832 .rt-img-holder img.rt-img-responsive,#rt-tpg-container-1709184832 .rt-img-holder,\n\t\t\t\t\t#rt-tpg-container-1709184832 .rt-post-overlay .post-img,\n\t\t\t\t\t#rt-tpg-container-1709184832 .post-sm .post-img,\n\t\t\t\t\t#rt-tpg-container-1709184832 .rt-post-grid .post-img,\n\t\t\t\t\t#rt-tpg-container-1709184832 .post-img img {border-radius:px;}<\/style><div class='rt-container-fluid rt-tpg-container tpg-shortcode-main-wrapper' id='rt-tpg-container-1709184832'   data-layout='layout1' data-grid-style='even' data-desktop-col='2'  data-tab-col='2'  data-mobile-col='1' data-sc-id='1405'><div data-title='Loading ...' class='rt-row rt-content-loader   layout1 tpg-even'><div class=\"rt-col-md-6 rt-col-sm-6 rt-col-xs-12 even-grid-item rt-grid-item\" data-id=\"2972\"><div class=\"rt-holder\"><div class=\"rt-img-holder\"><a data-id=\"2972\" class=\"\" href=\"http:\/\/knfsh.al\/en\/zhvillohet-mbledhja-e-bordit-te-presidences-te-keshillit-nderfetar-te-shqiperise\/\"><img loading=\"lazy\" decoding=\"async\" width=\"360\" height=\"220\" src=\"https:\/\/knfsh.al\/wp-content\/uploads\/2026\/01\/DSC_9783-360x220.jpg\" class=\"rt-img-responsive\" alt=\"\" \/><\/a><\/div><div class='rt-detail'><h2 class=\"entry-title\"><a data-id=\"2972\" class=\"\" href=\"http:\/\/knfsh.al\/en\/zhvillohet-mbledhja-e-bordit-te-presidences-te-keshillit-nderfetar-te-shqiperise\/\">Zhvillohet mbledhja e Bordit t\u00eb Presidenc\u00ebs t\u00eb K\u00ebshillit Nd\u00ebrfetar t\u00eb Shqip\u00ebris\u00eb<\/a><\/h2><div class='tpg-excerpt'>Tiran\u00eb, 5 janar 2026 \u2013 Bordi i Presidenc\u00ebs s\u00eb K\u00ebshillit Nd\u00ebrfetar t\u00eb Shqip\u00ebris\u00eb (KNFSH) ka zhvilluar dit\u00ebn e h\u00ebn\u00eb, m\u00eb 5 janar 2026, mbledhjen e par\u00eb t\u00eb vitit 2026. N\u00eb...<\/div><div class='post-meta'><span class='read-more'><a data-id='2972' class='' href='http:\/\/knfsh.al\/en\/zhvillohet-mbledhja-e-bordit-te-presidences-te-keshillit-nderfetar-te-shqiperise\/'>Read More<\/a><\/span><\/div><\/div><\/div><\/div><div class=\"rt-col-md-6 rt-col-sm-6 rt-col-xs-12 even-grid-item rt-grid-item\" data-id=\"2952\"><div class=\"rt-holder\"><div class=\"rt-img-holder\"><a data-id=\"2952\" class=\"\" href=\"http:\/\/knfsh.al\/en\/zhvillohet-mbledhja-e-bordit-te-presidences-se-keshillit-nderfetar\/\"><img loading=\"lazy\" decoding=\"async\" width=\"360\" height=\"220\" src=\"https:\/\/knfsh.al\/wp-content\/uploads\/2025\/11\/Bordi-i-Presidences-360x220.jpg\" class=\"rt-img-responsive\" alt=\"\" \/><\/a><\/div><div class='rt-detail'><h2 class=\"entry-title\"><a data-id=\"2952\" class=\"\" href=\"http:\/\/knfsh.al\/en\/zhvillohet-mbledhja-e-bordit-te-presidences-se-keshillit-nderfetar\/\">Zhvillohet mbledhja e Bordit t\u00eb Presidenc\u00ebs s\u00eb K\u00ebshillit Nd\u00ebrfetar<\/a><\/h2><div class='tpg-excerpt'>M\u00eb 18 n\u00ebntor 2025 u zhvillua mbledhja e Bordit t\u00eb Presidenc\u00ebs s\u00eb K\u00ebshillit Nd\u00ebrfetar t\u00eb Shqip\u00ebris\u00eb (KNFSH). Takimi u hap dhe u drejtua nga Kryetari i KNFSH-s\u00eb, Mons. Gjergj Meta...<\/div><div class='post-meta'><span class='read-more'><a data-id='2952' class='' href='http:\/\/knfsh.al\/en\/zhvillohet-mbledhja-e-bordit-te-presidences-se-keshillit-nderfetar\/'>Read More<\/a><\/span><\/div><\/div><\/div><\/div><div class=\"rt-col-md-6 rt-col-sm-6 rt-col-xs-12 even-grid-item rt-grid-item\" data-id=\"2933\"><div class=\"rt-holder\"><div class=\"rt-img-holder\"><a data-id=\"2933\" class=\"\" href=\"http:\/\/knfsh.al\/en\/keshilli-nderfetar-i-shqiperise-partner-ne-konferencen-nderkombetare-nostra-aetate-ne-frankfurt\/\"><img loading=\"lazy\" decoding=\"async\" width=\"360\" height=\"220\" src=\"https:\/\/knfsh.al\/wp-content\/uploads\/2025\/11\/P1047755-360x220.jpg\" class=\"rt-img-responsive\" alt=\"\" \/><\/a><\/div><div class='rt-detail'><h2 class=\"entry-title\"><a data-id=\"2933\" class=\"\" href=\"http:\/\/knfsh.al\/en\/keshilli-nderfetar-i-shqiperise-partner-ne-konferencen-nderkombetare-nostra-aetate-ne-frankfurt\/\">K\u00ebshilli Nd\u00ebrfetar i Shqip\u00ebris\u00eb partner n\u00eb Konferenc\u00ebn Nd\u00ebrkomb\u00ebtare \u201cNostra Aetate\u201d n\u00eb Frankfurt<\/a><\/h2><div class='tpg-excerpt'>Frankfurt am Main, 5\u20136 n\u00ebntor 2025 &#8211; K\u00ebshilli Nd\u00ebrfetar i Shqip\u00ebris\u00eb mori pjes\u00eb si partner bashk\u00ebpunues n\u00eb Konferenc\u00ebn Nd\u00ebrkomb\u00ebtare dhe Nd\u00ebrfetare \u201cNostra Aetate \u2013 60 Vjet Pas\u201d, e zhvilluar n\u00eb...<\/div><div class='post-meta'><span class='read-more'><a data-id='2933' class='' href='http:\/\/knfsh.al\/en\/keshilli-nderfetar-i-shqiperise-partner-ne-konferencen-nderkombetare-nostra-aetate-ne-frankfurt\/'>Read More<\/a><\/span><\/div><\/div><\/div><\/div><div class=\"rt-col-md-6 rt-col-sm-6 rt-col-xs-12 even-grid-item rt-grid-item\" data-id=\"2921\"><div class=\"rt-holder\"><div class=\"rt-img-holder\"><a data-id=\"2921\" class=\"\" href=\"http:\/\/knfsh.al\/en\/zhvillohet-mbledhja-e-departamentit-te-gruas-dhe-te-rinise-te-keshillit-nderfetar-te-shqiperise-2\/\"><img loading=\"lazy\" decoding=\"async\" width=\"360\" height=\"220\" src=\"https:\/\/knfsh.al\/wp-content\/uploads\/2025\/11\/A7407858-360x220.jpg\" class=\"rt-img-responsive\" alt=\"\" \/><\/a><\/div><div class='rt-detail'><h2 class=\"entry-title\"><a data-id=\"2921\" class=\"\" href=\"http:\/\/knfsh.al\/en\/zhvillohet-mbledhja-e-departamentit-te-gruas-dhe-te-rinise-te-keshillit-nderfetar-te-shqiperise-2\/\">Zhvillohet Mbledhja e Departamentit t\u00eb Gruas dhe t\u00eb Rinis\u00eb t\u00eb K\u00ebshillit Nd\u00ebrfetar t\u00eb Shqip\u00ebris\u00eb<\/a><\/h2><div class='tpg-excerpt'>Tiran\u00eb, 3 n\u00ebntor 2025 \u2013 N\u00eb ambientet e Arqipeshkvis\u00eb Tiran\u00eb-Durr\u00ebs u zhvillua mbledhja e p\u00ebrbashk\u00ebt e Departamentit t\u00eb Gruas dhe atij t\u00eb Rinis\u00eb pran\u00eb K\u00ebshillit Nd\u00ebrfetar t\u00eb Shqip\u00ebris\u00eb (KNFSH). Takimi...<\/div><div class='post-meta'><span class='read-more'><a data-id='2921' class='' href='http:\/\/knfsh.al\/en\/zhvillohet-mbledhja-e-departamentit-te-gruas-dhe-te-rinise-te-keshillit-nderfetar-te-shqiperise-2\/'>Read More<\/a><\/span><\/div><\/div><\/div><\/div><div class=\"rt-col-md-6 rt-col-sm-6 rt-col-xs-12 even-grid-item rt-grid-item\" data-id=\"2894\"><div class=\"rt-holder\"><div class=\"rt-img-holder\"><a data-id=\"2894\" class=\"\" href=\"http:\/\/knfsh.al\/en\/knfsh-fushate-per-promovimin-e-harmonise-nderfetare\/\"><img loading=\"lazy\" decoding=\"async\" width=\"360\" height=\"220\" src=\"https:\/\/knfsh.al\/wp-content\/uploads\/2025\/10\/Hedayeh-2-360x220.jpeg\" class=\"rt-img-responsive\" alt=\"\" \/><\/a><\/div><div class='rt-detail'><h2 class=\"entry-title\"><a data-id=\"2894\" class=\"\" href=\"http:\/\/knfsh.al\/en\/knfsh-fushate-per-promovimin-e-harmonise-nderfetare\/\">KNFSH fushat\u00eb p\u00ebr promovimin e harmonis\u00eb nd\u00ebrfetare<\/a><\/h2><div class='tpg-excerpt'>Tiran\u00eb, 17 tetor 2025 \u2013 K\u00ebshilli Nd\u00ebrfetar i Shqip\u00ebris\u00eb (KNFSH), n\u00eb bashk\u00ebpunim me Qendr\u00ebn e Koordinimit kund\u00ebr Ekstremizmit t\u00eb Dhunsh\u00ebm (CVE) dhe HEDAYEH (International Center of Excellence for Countering Extremism...<\/div><div class='post-meta'><span class='read-more'><a data-id='2894' class='' href='http:\/\/knfsh.al\/en\/knfsh-fushate-per-promovimin-e-harmonise-nderfetare\/'>Read More<\/a><\/span><\/div><\/div><\/div><\/div><div class=\"rt-col-md-6 rt-col-sm-6 rt-col-xs-12 even-grid-item rt-grid-item\" data-id=\"2860\"><div class=\"rt-holder\"><div class=\"rt-img-holder\"><a data-id=\"2860\" class=\"\" href=\"http:\/\/knfsh.al\/en\/knfsh-pjese-e-takimit-nderkombetar-te-religions-for-peace-europe-ne-helsinki\/\"><img loading=\"lazy\" decoding=\"async\" width=\"360\" height=\"220\" src=\"https:\/\/knfsh.al\/wp-content\/uploads\/2025\/09\/ENIB-Helsinki-360x220.jpeg\" class=\"rt-img-responsive\" alt=\"\" \/><\/a><\/div><div class='rt-detail'><h2 class=\"entry-title\"><a data-id=\"2860\" class=\"\" href=\"http:\/\/knfsh.al\/en\/knfsh-pjese-e-takimit-nderkombetar-te-religions-for-peace-europe-ne-helsinki\/\">KNFSH pjes\u00eb e takimit nd\u00ebrkomb\u00ebtar t\u00eb Religions for Peace Europe n\u00eb Helsinki<\/a><\/h2><div class='tpg-excerpt'>Helsinki, 25\u201326 Shtator 2025 \u2013 Religions for Peace Europe dhe K\u00ebshillat Nd\u00ebrfetar\u00eb t\u00eb Europ\u00ebs mbajt\u00ebn mbledhjen e tyre vjetore t\u00eb Bordit n\u00eb Helsinki n\u00eb datat 25-26 shtator 2025. \u00a0Takimi hibrid...<\/div><div class='post-meta'><span class='read-more'><a data-id='2860' class='' href='http:\/\/knfsh.al\/en\/knfsh-pjese-e-takimit-nderkombetar-te-religions-for-peace-europe-ne-helsinki\/'>Read More<\/a><\/span><\/div><\/div><\/div><\/div><\/div><div class='rt-pagination-wrap' data-total-pages='25' data-posts-per-page='6' data-type='pagination'  ><div class=\"rt-pagination\" ><ul class=\"pagination-list\"><li class=\"active\"><span>1<\/span><\/li><li><a data-paged='2' href='http:\/\/knfsh.al\/en\/wp-json\/wp\/v2\/pages\/1406\/page\/2\/'>2<\/a><\/li><li><a data-paged='3' href='http:\/\/knfsh.al\/en\/wp-json\/wp\/v2\/pages\/1406\/page\/3\/'>3<\/a><\/li><li><a data-paged='4' href='http:\/\/knfsh.al\/en\/wp-json\/wp\/v2\/pages\/1406\/page\/4\/'>4<\/a><\/li><li><a data-paged='5' href='http:\/\/knfsh.al\/en\/wp-json\/wp\/v2\/pages\/1406\/page\/5\/'>5<\/a><\/li><li><a data-paged='2' href=\"http:\/\/knfsh.al\/en\/wp-json\/wp\/v2\/pages\/1406\/page\/2\/\"  aria-label='Next'>&rsaquo;<\/a><\/li><li><a data-paged='25' href='http:\/\/knfsh.al\/en\/wp-json\/wp\/v2\/pages\/1406\/page\/25\/' aria-label='Last'>&raquo;<\/a><\/li><\/ul><\/div><\/div><\/div>","protected":false},"excerpt":{"rendered":"","protected":false},"author":1,"featured_media":0,"parent":0,"menu_order":0,"comment_status":"closed","ping_status":"closed","template":"","meta":{"footnotes":""},"class_list":["post-1406","page","type-page","status-publish","hentry"],"rttpg_featured_image_url":null,"rttpg_author":{"display_name":"knfsh","author_link":"http:\/\/knfsh.al\/en\/author\/elite\/"},"rttpg_comment":0,"rttpg_category":"","rttpg_excerpt":null,"_links":{"self":[{"href":"http:\/\/knfsh.al\/en\/wp-json\/wp\/v2\/pages\/1406","targetHints":{"allow":["GET"]}}],"collection":[{"href":"http:\/\/knfsh.al\/en\/wp-json\/wp\/v2\/pages"}],"about":[{"href":"http:\/\/knfsh.al\/en\/wp-json\/wp\/v2\/types\/page"}],"author":[{"embeddable":true,"href":"http:\/\/knfsh.al\/en\/wp-json\/wp\/v2\/users\/1"}],"replies":[{"embeddable":true,"href":"http:\/\/knfsh.al\/en\/wp-json\/wp\/v2\/comments?post=1406"}],"version-history":[{"count":1,"href":"http:\/\/knfsh.al\/en\/wp-json\/wp\/v2\/pages\/1406\/revisions"}],"predecessor-version":[{"id":1407,"href":"http:\/\/knfsh.al\/en\/wp-json\/wp\/v2\/pages\/1406\/revisions\/1407"}],"wp:attachment":[{"href":"http:\/\/knfsh.al\/en\/wp-json\/wp\/v2\/media?parent=1406"}],"curies":[{"name":"wp","href":"https:\/\/api.w.org\/{rel}","templated":true}]}}