{"id":1171,"date":"2020-08-30T20:56:34","date_gmt":"2020-08-30T19:56:34","guid":{"rendered":"http:\/\/knfsh.al\/?page_id=1171"},"modified":"2025-11-09T14:45:57","modified_gmt":"2025-11-09T13:45:57","slug":"departamenti-i-rinise","status":"publish","type":"page","link":"http:\/\/knfsh.al\/en\/departamenti-i-rinise\/","title":{"rendered":"Department of Youth"},"content":{"rendered":"<ol>\n<li style=\"text-align: justify;\">The Department of Youth in IRCA consists of two young representatives from each religious community, members of the Inter Religious Council of Albania, who are nominated by each community and approved by the Council of the Presidency.<\/li>\n<li style=\"text-align: justify;\">The Department of Youth meets no less than twice a year. The Youth Department is leaded by the Secretary General of the IRCA.<\/li>\n<li style=\"text-align: justify;\">A representative of the Department of Youth reports at least once a year to the Presidency Council on annual activities within the department.<\/li>\n<li style=\"text-align: justify;\">All members of the Department of Youth exercise this duty voluntarily.<\/li>\n<li style=\"text-align: justify;\">In case of resignation of one or more members, expulsion or written replacement by the community they represent, or the leading bodies of IRCA, she must be replaced by another member nominated by the respective community.<\/li>\n<\/ol>\n<p style=\"text-align: justify;\"><strong>\u00a0<\/strong><\/p>\n<p style=\"text-align: justify;\"><em>The Department of Youth in the Interfaith Council of Albania has the following duties: <\/em><\/p>\n<ul>\n<li style=\"text-align: justify;\">Organizing interfaith youth sectors in different countries of Albania.<\/li>\n<li style=\"text-align: justify;\">Organizing meetings and conversations with students in order to strengthen interfaith dialogue and harmony among the younger generations.<\/li>\n<li style=\"text-align: justify;\">Developing cultural and sports activities in cooperation with the youth sectors of religious communities in the country.<\/li>\n<\/ul>\n<p style=\"text-align: justify;\">The Head of the Department of Women and Youth for 2024 was Mrs. Sonila Rembeci, while for 2025 is Sister Ermira Koleci.<\/p>\n<p>Members of the Youth Department are:<\/p>\n<table style=\"height: 328px;\" width=\"722\">\n<tbody>\n<tr>\n<td width=\"69\">1<\/td>\n<td width=\"91\">Mrs.<\/td>\n<td width=\"88\">Marsida<\/td>\n<td width=\"75\">Dani<\/td>\n<td width=\"260\">Muslim Community of Albania<\/td>\n<\/tr>\n<tr>\n<td>2<\/td>\n<td>Dr.<\/td>\n<td>Mehmet<\/td>\n<td>Disha<\/td>\n<td>Muslim Community of Albania<\/td>\n<\/tr>\n<tr>\n<td>3<\/td>\n<td>Mr.<\/td>\n<td>Pandeli<\/td>\n<td>Zeneli<\/td>\n<td>Autocephalous Orthodox Church of Albania<\/td>\n<\/tr>\n<tr>\n<td>4<\/td>\n<td>Mrs.<\/td>\n<td>Ana<\/td>\n<td>B\u00ebrbati<\/td>\n<td>Autocephalous Orthodox Church of Albania<\/td>\n<\/tr>\n<tr>\n<td>5<\/td>\n<td>Mrs.<\/td>\n<td>Ada<\/td>\n<td>Lushi<\/td>\n<td>Catholic Church of Albania<\/td>\n<\/tr>\n<tr>\n<td>6<\/td>\n<td>Mrs.<\/td>\n<td>Enida<\/td>\n<td>Lleshi<\/td>\n<td>Catholic Church of Albania<\/td>\n<\/tr>\n<tr>\n<td>7<\/td>\n<td>Mr.<\/td>\n<td>Ali Ekber<\/td>\n<td>Bardhi<\/td>\n<td>World Bektashi Community<\/td>\n<\/tr>\n<tr>\n<td>8<\/td>\n<td>Mrs.<\/td>\n<td>Brunilda<\/td>\n<td>Gorovelli<\/td>\n<td>World Bektashi Community<\/td>\n<\/tr>\n<tr>\n<td>9<\/td>\n<td>Mrs.<\/td>\n<td>Lidia<\/td>\n<td>Sema<\/td>\n<td>Evangelical Brotherhood of Albania<\/td>\n<\/tr>\n<tr>\n<td>10<\/td>\n<td>Mr.<\/td>\n<td>Emanuel<\/td>\n<td>Kasemi<\/td>\n<td>Evangelical Brotherhood of Albania<\/td>\n<\/tr>\n<\/tbody>\n<\/table>","protected":false},"excerpt":{"rendered":"<p>Departamenti i Rinis\u00eb n\u00eb KNFSH p\u00ebrb\u00ebhet nga dy p\u00ebrfaq\u00ebsues t\u00eb rinj nga \u00e7do komunitet fetar, an\u00ebtar i K\u00ebshillit Nd\u00ebrfetar t\u00eb Shqip\u00ebris\u00eb, t\u00eb cil\u00ebt nominohen nga secili komunitet dhe miratohen n\u00eb&#8230;<\/p>","protected":false},"author":1,"featured_media":2925,"parent":0,"menu_order":0,"comment_status":"closed","ping_status":"closed","template":"","meta":{"footnotes":""},"class_list":["post-1171","page","type-page","status-publish","has-post-thumbnail","hentry"],"rttpg_featured_image_url":{"full":["https:\/\/knfsh.al\/wp-content\/uploads\/2025\/11\/rinia.jpg",1458,1082,false],"landscape":["https:\/\/knfsh.al\/wp-content\/uploads\/2025\/11\/rinia.jpg",1458,1082,false],"portraits":["https:\/\/knfsh.al\/wp-content\/uploads\/2025\/11\/rinia.jpg",1458,1082,false],"thumbnail":["https:\/\/knfsh.al\/wp-content\/uploads\/2025\/11\/rinia-150x150.jpg",150,150,true],"medium":["https:\/\/knfsh.al\/wp-content\/uploads\/2025\/11\/rinia-300x223.jpg",300,223,true],"large":["https:\/\/knfsh.al\/wp-content\/uploads\/2025\/11\/rinia-1024x760.jpg",900,668,true],"1536x1536":["https:\/\/knfsh.al\/wp-content\/uploads\/2025\/11\/rinia.jpg",1458,1082,false],"2048x2048":["https:\/\/knfsh.al\/wp-content\/uploads\/2025\/11\/rinia.jpg",1458,1082,false],"trp-custom-language-flag":["https:\/\/knfsh.al\/wp-content\/uploads\/2025\/11\/rinia-16x12.jpg",16,12,true],"post-thumbnail":["https:\/\/knfsh.al\/wp-content\/uploads\/2025\/11\/rinia-360x220.jpg",360,220,true],"blog-single":["https:\/\/knfsh.al\/wp-content\/uploads\/2025\/11\/rinia-750x390.jpg",750,390,true],"events-thumb":["https:\/\/knfsh.al\/wp-content\/uploads\/2025\/11\/rinia-170x150.jpg",170,150,true],"events-single":["https:\/\/knfsh.al\/wp-content\/uploads\/2025\/11\/rinia-225x240.jpg",225,240,true],"courses-single":["https:\/\/knfsh.al\/wp-content\/uploads\/2025\/11\/rinia-770x220.jpg",770,220,true],"slider-image":["https:\/\/knfsh.al\/wp-content\/uploads\/2025\/11\/rinia-770x400.jpg",770,400,true],"gallery-thumb":["https:\/\/knfsh.al\/wp-content\/uploads\/2025\/11\/rinia-260x180.jpg",260,180,true],"widget-blog-thumb":["https:\/\/knfsh.al\/wp-content\/uploads\/2025\/11\/rinia-65x65.jpg",65,65,true]},"rttpg_author":{"display_name":"knfsh","author_link":"http:\/\/knfsh.al\/en\/author\/elite\/"},"rttpg_comment":0,"rttpg_category":null,"rttpg_excerpt":"Departamenti i Rinis\u00eb n\u00eb KNFSH p\u00ebrb\u00ebhet nga dy p\u00ebrfaq\u00ebsues t\u00eb rinj nga \u00e7do komunitet fetar, an\u00ebtar i K\u00ebshillit Nd\u00ebrfetar t\u00eb Shqip\u00ebris\u00eb, t\u00eb cil\u00ebt nominohen nga secili komunitet dhe miratohen n\u00eb...","_links":{"self":[{"href":"http:\/\/knfsh.al\/en\/wp-json\/wp\/v2\/pages\/1171","targetHints":{"allow":["GET"]}}],"collection":[{"href":"http:\/\/knfsh.al\/en\/wp-json\/wp\/v2\/pages"}],"about":[{"href":"http:\/\/knfsh.al\/en\/wp-json\/wp\/v2\/types\/page"}],"author":[{"embeddable":true,"href":"http:\/\/knfsh.al\/en\/wp-json\/wp\/v2\/users\/1"}],"replies":[{"embeddable":true,"href":"http:\/\/knfsh.al\/en\/wp-json\/wp\/v2\/comments?post=1171"}],"version-history":[{"count":11,"href":"http:\/\/knfsh.al\/en\/wp-json\/wp\/v2\/pages\/1171\/revisions"}],"predecessor-version":[{"id":2950,"href":"http:\/\/knfsh.al\/en\/wp-json\/wp\/v2\/pages\/1171\/revisions\/2950"}],"wp:featuredmedia":[{"embeddable":true,"href":"http:\/\/knfsh.al\/en\/wp-json\/wp\/v2\/media\/2925"}],"wp:attachment":[{"href":"http:\/\/knfsh.al\/en\/wp-json\/wp\/v2\/media?parent=1171"}],"curies":[{"name":"wp","href":"https:\/\/api.w.org\/{rel}","templated":true}]}}